{"id":20925,"date":"2023-08-10T21:47:42","date_gmt":"2023-08-11T00:47:42","guid":{"rendered":"https:\/\/juveaccesorios.com.ar\/?product=argollitas-hoji-stras-acero-quirurgico"},"modified":"2025-11-04T13:47:16","modified_gmt":"2025-11-04T16:47:16","slug":"argollitas-hoji-stras-acero-quirurgico","status":"publish","type":"product","link":"https:\/\/juveaccesorios.com.ar\/?product=argollitas-hoji-stras-acero-quirurgico","title":{"rendered":"Argollitas hoji stras cristal acero quir\u00fargico"},"content":{"rendered":"","protected":false},"excerpt":{"rendered":"<p><cite>Acero quir\u00fargico. SE VENDEN POR PAR. Di\u00e1metro interno (sin contar la argollita) 0,9cm.<\/cite><\/p>\n","protected":false},"featured_media":20923,"comment_status":"open","ping_status":"closed","template":"","meta":[],"product_brand":[],"product_cat":[77,21],"product_tag":[],"class_list":{"0":"post-20925","1":"product","2":"type-product","3":"status-publish","4":"has-post-thumbnail","6":"product_cat-argollas","7":"product_cat-aros","9":"first","10":"instock","11":"shipping-taxable","12":"purchasable","13":"product-type-simple"},"jetpack_sharing_enabled":true,"_links":{"self":[{"href":"https:\/\/juveaccesorios.com.ar\/index.php?rest_route=\/wp\/v2\/product\/20925","targetHints":{"allow":["GET"]}}],"collection":[{"href":"https:\/\/juveaccesorios.com.ar\/index.php?rest_route=\/wp\/v2\/product"}],"about":[{"href":"https:\/\/juveaccesorios.com.ar\/index.php?rest_route=\/wp\/v2\/types\/product"}],"replies":[{"embeddable":true,"href":"https:\/\/juveaccesorios.com.ar\/index.php?rest_route=%2Fwp%2Fv2%2Fcomments&post=20925"}],"wp:featuredmedia":[{"embeddable":true,"href":"https:\/\/juveaccesorios.com.ar\/index.php?rest_route=\/wp\/v2\/media\/20923"}],"wp:attachment":[{"href":"https:\/\/juveaccesorios.com.ar\/index.php?rest_route=%2Fwp%2Fv2%2Fmedia&parent=20925"}],"wp:term":[{"taxonomy":"product_brand","embeddable":true,"href":"https:\/\/juveaccesorios.com.ar\/index.php?rest_route=%2Fwp%2Fv2%2Fproduct_brand&post=20925"},{"taxonomy":"product_cat","embeddable":true,"href":"https:\/\/juveaccesorios.com.ar\/index.php?rest_route=%2Fwp%2Fv2%2Fproduct_cat&post=20925"},{"taxonomy":"product_tag","embeddable":true,"href":"https:\/\/juveaccesorios.com.ar\/index.php?rest_route=%2Fwp%2Fv2%2Fproduct_tag&post=20925"}],"curies":[{"name":"wp","href":"https:\/\/api.w.org\/{rel}","templated":true}]}}