{"id":27953,"date":"2024-06-17T20:51:08","date_gmt":"2024-06-17T23:51:08","guid":{"rendered":"https:\/\/juveaccesorios.com.ar\/?product=piercing-basico-acero-quirurgico"},"modified":"2026-05-10T23:03:15","modified_gmt":"2026-05-11T02:03:15","slug":"piercing-basico-acero-quirurgico","status":"publish","type":"product","link":"https:\/\/juveaccesorios.com.ar\/?product=piercing-basico-acero-quirurgico","title":{"rendered":"Piercing b\u00e1sico acero quir\u00fargico"},"content":{"rendered":"","protected":false},"excerpt":{"rendered":"<p><em>Acero quir\u00fargico. SE VENDEN POR UNIDAD. Di\u00e1metro interno (sin contar la argollita) 0,8cm.<\/em><\/p>\n","protected":false},"featured_media":27952,"comment_status":"open","ping_status":"closed","template":"","meta":[],"product_brand":[],"product_cat":[21,80],"product_tag":[],"class_list":{"0":"post-27953","1":"product","2":"type-product","3":"status-publish","4":"has-post-thumbnail","6":"product_cat-aros","7":"product_cat-piercing","9":"first","10":"instock","11":"shipping-taxable","12":"purchasable","13":"product-type-simple"},"jetpack_sharing_enabled":true,"_links":{"self":[{"href":"https:\/\/juveaccesorios.com.ar\/index.php?rest_route=\/wp\/v2\/product\/27953","targetHints":{"allow":["GET"]}}],"collection":[{"href":"https:\/\/juveaccesorios.com.ar\/index.php?rest_route=\/wp\/v2\/product"}],"about":[{"href":"https:\/\/juveaccesorios.com.ar\/index.php?rest_route=\/wp\/v2\/types\/product"}],"replies":[{"embeddable":true,"href":"https:\/\/juveaccesorios.com.ar\/index.php?rest_route=%2Fwp%2Fv2%2Fcomments&post=27953"}],"wp:featuredmedia":[{"embeddable":true,"href":"https:\/\/juveaccesorios.com.ar\/index.php?rest_route=\/wp\/v2\/media\/27952"}],"wp:attachment":[{"href":"https:\/\/juveaccesorios.com.ar\/index.php?rest_route=%2Fwp%2Fv2%2Fmedia&parent=27953"}],"wp:term":[{"taxonomy":"product_brand","embeddable":true,"href":"https:\/\/juveaccesorios.com.ar\/index.php?rest_route=%2Fwp%2Fv2%2Fproduct_brand&post=27953"},{"taxonomy":"product_cat","embeddable":true,"href":"https:\/\/juveaccesorios.com.ar\/index.php?rest_route=%2Fwp%2Fv2%2Fproduct_cat&post=27953"},{"taxonomy":"product_tag","embeddable":true,"href":"https:\/\/juveaccesorios.com.ar\/index.php?rest_route=%2Fwp%2Fv2%2Fproduct_tag&post=27953"}],"curies":[{"name":"wp","href":"https:\/\/api.w.org\/{rel}","templated":true}]}}