{"id":39817,"date":"2026-04-09T19:02:41","date_gmt":"2026-04-09T22:02:41","guid":{"rendered":"https:\/\/juveaccesorios.com.ar\/?post_type=product&#038;p=39817"},"modified":"2026-04-09T19:03:32","modified_gmt":"2026-04-09T22:03:32","slug":"argollad-basic-acero-blanco-19-2","status":"publish","type":"product","link":"https:\/\/juveaccesorios.com.ar\/?product=argollad-basic-acero-blanco-19-2","title":{"rendered":"Argollas basic acero quir\u00fargico 1,9"},"content":{"rendered":"","protected":false},"excerpt":{"rendered":"<p><em>Acero quir\u00fargico. SE VENDEN POR PAR. Di\u00e1metro interno (sin contar la argollita) 1,9cm.<\/em><\/p>\n","protected":false},"featured_media":39818,"comment_status":"open","ping_status":"closed","template":"","meta":[],"product_brand":[],"product_cat":[21,77],"product_tag":[],"class_list":{"0":"post-39817","1":"product","2":"type-product","3":"status-publish","4":"has-post-thumbnail","6":"product_cat-aros","7":"product_cat-argollas","9":"first","10":"instock","11":"shipping-taxable","12":"purchasable","13":"product-type-simple"},"jetpack_sharing_enabled":true,"_links":{"self":[{"href":"https:\/\/juveaccesorios.com.ar\/index.php?rest_route=\/wp\/v2\/product\/39817","targetHints":{"allow":["GET"]}}],"collection":[{"href":"https:\/\/juveaccesorios.com.ar\/index.php?rest_route=\/wp\/v2\/product"}],"about":[{"href":"https:\/\/juveaccesorios.com.ar\/index.php?rest_route=\/wp\/v2\/types\/product"}],"replies":[{"embeddable":true,"href":"https:\/\/juveaccesorios.com.ar\/index.php?rest_route=%2Fwp%2Fv2%2Fcomments&post=39817"}],"wp:featuredmedia":[{"embeddable":true,"href":"https:\/\/juveaccesorios.com.ar\/index.php?rest_route=\/wp\/v2\/media\/39818"}],"wp:attachment":[{"href":"https:\/\/juveaccesorios.com.ar\/index.php?rest_route=%2Fwp%2Fv2%2Fmedia&parent=39817"}],"wp:term":[{"taxonomy":"product_brand","embeddable":true,"href":"https:\/\/juveaccesorios.com.ar\/index.php?rest_route=%2Fwp%2Fv2%2Fproduct_brand&post=39817"},{"taxonomy":"product_cat","embeddable":true,"href":"https:\/\/juveaccesorios.com.ar\/index.php?rest_route=%2Fwp%2Fv2%2Fproduct_cat&post=39817"},{"taxonomy":"product_tag","embeddable":true,"href":"https:\/\/juveaccesorios.com.ar\/index.php?rest_route=%2Fwp%2Fv2%2Fproduct_tag&post=39817"}],"curies":[{"name":"wp","href":"https:\/\/api.w.org\/{rel}","templated":true}]}}