{"id":40031,"date":"2026-04-23T15:52:57","date_gmt":"2026-04-23T18:52:57","guid":{"rendered":"https:\/\/juveaccesorios.com.ar\/?post_type=product&#038;p=40031"},"modified":"2026-05-12T17:45:10","modified_gmt":"2026-05-12T20:45:10","slug":"alhajero-tres-niveles-2-colores","status":"publish","type":"product","link":"https:\/\/juveaccesorios.com.ar\/?product=alhajero-tres-niveles-2-colores","title":{"rendered":"Alhajero tres niveles (2 colores)"},"content":{"rendered":"","protected":false},"excerpt":{"rendered":"<p><em>Contiene tres niveles, el primero con panel central para colocar aros, contiene para colocar collares, pulseras, etc., segundo para anillos y divisiones m\u00f3viles para ubicarlas donde m\u00e1s c\u00f3modo te quede. Y tercero contiene para m\u00e1s collares, pulseras y mini divisones para aros anillos dijes, etc.\u00a0<\/em><\/p>\n<p><em>Medidas aprox ancho 16cmx11cmx8cmalto.<\/em><\/p>\n<p><em>se puede preparar para regalo pero no tiene cambio.\u00a0<\/em><\/p>\n<p><em>NO INCLUYE ACCESORIOS.<\/em><\/p>\n","protected":false},"featured_media":40032,"comment_status":"open","ping_status":"closed","template":"","meta":[],"product_brand":[],"product_cat":[32],"product_tag":[],"class_list":{"0":"post-40031","1":"product","2":"type-product","3":"status-publish","4":"has-post-thumbnail","6":"product_cat-alhajeros","8":"first","9":"instock","10":"shipping-taxable","11":"purchasable","12":"product-type-variable"},"jetpack_sharing_enabled":true,"_links":{"self":[{"href":"https:\/\/juveaccesorios.com.ar\/index.php?rest_route=\/wp\/v2\/product\/40031","targetHints":{"allow":["GET"]}}],"collection":[{"href":"https:\/\/juveaccesorios.com.ar\/index.php?rest_route=\/wp\/v2\/product"}],"about":[{"href":"https:\/\/juveaccesorios.com.ar\/index.php?rest_route=\/wp\/v2\/types\/product"}],"replies":[{"embeddable":true,"href":"https:\/\/juveaccesorios.com.ar\/index.php?rest_route=%2Fwp%2Fv2%2Fcomments&post=40031"}],"wp:featuredmedia":[{"embeddable":true,"href":"https:\/\/juveaccesorios.com.ar\/index.php?rest_route=\/wp\/v2\/media\/40032"}],"wp:attachment":[{"href":"https:\/\/juveaccesorios.com.ar\/index.php?rest_route=%2Fwp%2Fv2%2Fmedia&parent=40031"}],"wp:term":[{"taxonomy":"product_brand","embeddable":true,"href":"https:\/\/juveaccesorios.com.ar\/index.php?rest_route=%2Fwp%2Fv2%2Fproduct_brand&post=40031"},{"taxonomy":"product_cat","embeddable":true,"href":"https:\/\/juveaccesorios.com.ar\/index.php?rest_route=%2Fwp%2Fv2%2Fproduct_cat&post=40031"},{"taxonomy":"product_tag","embeddable":true,"href":"https:\/\/juveaccesorios.com.ar\/index.php?rest_route=%2Fwp%2Fv2%2Fproduct_tag&post=40031"}],"curies":[{"name":"wp","href":"https:\/\/api.w.org\/{rel}","templated":true}]}}